{"id":700,"date":"2024-05-23T19:02:17","date_gmt":"2024-05-23T17:02:17","guid":{"rendered":"https:\/\/newsitetemp.ksmspa.com\/?page_id=700"},"modified":"2025-02-21T20:14:36","modified_gmt":"2025-02-21T19:14:36","slug":"ksm-servizi-fiduciari","status":"publish","type":"page","link":"https:\/\/www.ksmspa.com\/index.php\/ksm-servizi-fiduciari\/","title":{"rendered":"KSM Servizi Fiduciari"},"content":{"rendered":"\t\t<div data-elementor-type=\"wp-page\" data-elementor-id=\"700\" class=\"elementor elementor-700\">\n\t\t\t\t\t\t<section class=\"elementor-section elementor-top-section elementor-element elementor-element-202c819d elementor-section-boxed elementor-section-height-default elementor-section-height-default\" data-id=\"202c819d\" data-element_type=\"section\" data-settings=\"{&quot;background_background&quot;:&quot;classic&quot;}\">\n\t\t\t\t\t\t\t<div class=\"elementor-background-overlay\"><\/div>\n\t\t\t\t\t\t\t<div class=\"elementor-container elementor-column-gap-default\">\n\t\t\t\t\t<div class=\"elementor-column elementor-col-100 elementor-top-column elementor-element elementor-element-45ef1a14\" data-id=\"45ef1a14\" data-element_type=\"column\">\n\t\t\t<div class=\"elementor-widget-wrap elementor-element-populated\">\n\t\t\t\t\t\t<div class=\"elementor-element elementor-element-3a86dcb7 elementor-mobile-align-center elementor-align-center elementor-icon-list--layout-traditional elementor-list-item-link-full_width elementor-widget elementor-widget-icon-list\" data-id=\"3a86dcb7\" data-element_type=\"widget\" data-widget_type=\"icon-list.default\">\n\t\t\t\t<div class=\"elementor-widget-container\">\n\t\t\t\t\t<ul class=\"elementor-icon-list-items\">\n\t\t\t\t\t\t\t<li class=\"elementor-icon-list-item\">\n\t\t\t\t\t\t\t\t\t\t\t<span class=\"elementor-icon-list-icon\">\n\t\t\t\t\t\t\t<svg aria-hidden=\"true\" class=\"e-font-icon-svg e-fas-wrench\" viewBox=\"0 0 512 512\" xmlns=\"http:\/\/www.w3.org\/2000\/svg\"><path d=\"M507.73 109.1c-2.24-9.03-13.54-12.09-20.12-5.51l-74.36 74.36-67.88-11.31-11.31-67.88 74.36-74.36c6.62-6.62 3.43-17.9-5.66-20.16-47.38-11.74-99.55.91-136.58 37.93-39.64 39.64-50.55 97.1-34.05 147.2L18.74 402.76c-24.99 24.99-24.99 65.51 0 90.5 24.99 24.99 65.51 24.99 90.5 0l213.21-213.21c50.12 16.71 107.47 5.68 147.37-34.22 37.07-37.07 49.7-89.32 37.91-136.73zM64 472c-13.25 0-24-10.75-24-24 0-13.26 10.75-24 24-24s24 10.74 24 24c0 13.25-10.75 24-24 24z\"><\/path><\/svg>\t\t\t\t\t\t<\/span>\n\t\t\t\t\t\t\t\t\t\t<span class=\"elementor-icon-list-text\">Servizi<\/span>\n\t\t\t\t\t\t\t\t\t<\/li>\n\t\t\t\t\t\t<\/ul>\n\t\t\t\t<\/div>\n\t\t\t\t<\/div>\n\t\t\t\t<div class=\"elementor-element elementor-element-556ef042 elementor-widget elementor-widget-heading\" data-id=\"556ef042\" data-element_type=\"widget\" data-widget_type=\"heading.default\">\n\t\t\t\t<div class=\"elementor-widget-container\">\n\t\t\t<h1 class=\"elementor-heading-title elementor-size-default\">Servizi Fiduciari<\/h1>\t\t<\/div>\n\t\t\t\t<\/div>\n\t\t\t\t\t<\/div>\n\t\t<\/div>\n\t\t\t\t\t<\/div>\n\t\t<\/section>\n\t\t\t\t<section class=\"elementor-section elementor-top-section elementor-element elementor-element-cfa08a1 elementor-section-boxed elementor-section-height-default elementor-section-height-default\" data-id=\"cfa08a1\" data-element_type=\"section\" data-settings=\"{&quot;background_background&quot;:&quot;classic&quot;}\">\n\t\t\t\t\t\t<div class=\"elementor-container elementor-column-gap-default\">\n\t\t\t\t\t<div class=\"elementor-column elementor-col-50 elementor-top-column elementor-element elementor-element-9deccbe\" data-id=\"9deccbe\" data-element_type=\"column\">\n\t\t\t<div class=\"elementor-widget-wrap elementor-element-populated\">\n\t\t\t\t\t\t<div class=\"elementor-element elementor-element-51460e0 elementor-widget elementor-widget-elementskit-heading\" data-id=\"51460e0\" data-element_type=\"widget\" data-widget_type=\"elementskit-heading.default\">\n\t\t\t\t<div class=\"elementor-widget-container\">\n\t\t\t<div class=\"ekit-wid-con\" ><div class=\"ekit-heading elementskit-section-title-wraper text_left   ekit_heading_tablet-   ekit_heading_mobile-\"><h3 class=\"ekit-heading--title elementskit-section-title \">Servizi Fiduciari<\/h3><div class=\"ekit_heading_separetor_wraper ekit_heading_elementskit-border-divider\"><div class=\"elementskit-border-divider\"><\/div><\/div><\/div><\/div>\t\t<\/div>\n\t\t\t\t<\/div>\n\t\t\t\t<div class=\"elementor-element elementor-element-b1de1ab elementor-widget elementor-widget-text-editor\" data-id=\"b1de1ab\" data-element_type=\"widget\" data-widget_type=\"text-editor.default\">\n\t\t\t\t<div class=\"elementor-widget-container\">\n\t\t\t\t\t\t\t<p>Vengono offerti da un addetto ai servizi fiduciari in divisa aziendale che gestisce l&#8217;accesso e la sicurezza di un edificio, come condomini, uffici o hotel. Questi servizi possono includere il controllo degli accessi, la registrazione dei visitatori, la gestione delle consegne e la vigilanza generale delle aree comuni. Il portiere svolge un ruolo importante nel garantire la sicurezza e il benessere degli occupanti dell&#8217;edificio, oltre a fornire un punto di contatto per le richieste di assistenza o informazioni.<\/p><p>Per essere pi\u00f9 precisi, infatti, gli addetti al portierato possono essere impiegati anche in qualit\u00e0 di:<\/p><ul><li>addetto al front office;<\/li><li>receptionist studio medico, ecc&#8230; ;<\/li><li>hotel receptionist;<\/li><li>front desk receptionist.<\/li><\/ul>\t\t\t\t\t\t<\/div>\n\t\t\t\t<\/div>\n\t\t\t\t\t<\/div>\n\t\t<\/div>\n\t\t\t\t<div class=\"elementor-column elementor-col-50 elementor-top-column elementor-element elementor-element-229137d\" data-id=\"229137d\" data-element_type=\"column\">\n\t\t\t<div class=\"elementor-widget-wrap elementor-element-populated\">\n\t\t\t\t\t\t<div class=\"elementor-element elementor-element-d4df50a elementor-widget elementor-widget-text-editor\" data-id=\"d4df50a\" data-element_type=\"widget\" data-widget_type=\"text-editor.default\">\n\t\t\t\t<div class=\"elementor-widget-container\">\n\t\t\t\t\t\t\t<p>I principali compiti che la figura dell\u2019addetto al portierato ha, sono:<\/p><p>Il controllo degli accessi al condominio (o altra location): In alcuni casi, su indicazione dei condomini o dei responsabili della struttura, il portiere \u00e8 anche tenuto ad \u201cidentificare\u201d le persone che fanno accesso chiedendo il loro nome. Nel caso in cui, il o la professionista sia un\u2019addetta al ricevimento presso una struttura alberghiera o anche, universitaria, questa pu\u00f2 esser incaricata di chiedere spiegazioni circa la volont\u00e0 di far ingresso presso la location in oggetto e, nella maggior parte dei casi si tratta di una receptionist multilingua;<\/p><p>La sorveglianza del perimetro Molto spesso, oltre all\u2019 attivit\u00e0 di reception, il portiere ha anche il compito di sorvegliare il perimetro del condominio o della struttura nella quale si trova mediante un sistema di videosorveglianza.<\/p><p>Lo smistamento della posta Il portiere, per lo pi\u00f9 di un condominio, pu\u00f2 occuparsi oltre che ai servizi di vigilanza anche di altre mansioni quali, per esempio, lo smistamento della posta, cos\u00ec come \u00e8 stato anticipato anche in precedenza.<\/p>\t\t\t\t\t\t<\/div>\n\t\t\t\t<\/div>\n\t\t\t\t\t<\/div>\n\t\t<\/div>\n\t\t\t\t\t<\/div>\n\t\t<\/section>\n\t\t<div class=\"elementor-element elementor-element-8edef93 e-flex e-con-boxed e-con e-parent\" data-id=\"8edef93\" data-element_type=\"container\" data-settings=\"{&quot;background_background&quot;:&quot;classic&quot;}\">\n\t\t\t\t\t<div class=\"e-con-inner\">\n\t\t\t\t<div class=\"elementor-element elementor-element-0410952 elementor-widget elementor-widget-image\" data-id=\"0410952\" data-element_type=\"widget\" data-widget_type=\"image.default\">\n\t\t\t\t<div class=\"elementor-widget-container\">\n\t\t\t\t\t\t\t\t\t\t\t\t\t<img fetchpriority=\"high\" decoding=\"async\" width=\"800\" height=\"534\" src=\"https:\/\/www.ksmspa.com\/wp-content\/uploads\/2024\/06\/Servizi-fiduciari.jpg\" class=\"attachment-large size-large wp-image-1771\" alt=\"\" srcset=\"https:\/\/www.ksmspa.com\/wp-content\/uploads\/2024\/06\/Servizi-fiduciari.jpg 1000w, https:\/\/www.ksmspa.com\/wp-content\/uploads\/2024\/06\/Servizi-fiduciari-300x200.jpg 300w, https:\/\/www.ksmspa.com\/wp-content\/uploads\/2024\/06\/Servizi-fiduciari-768x512.jpg 768w\" sizes=\"(max-width: 800px) 100vw, 800px\" \/>\t\t\t\t\t\t\t\t\t\t\t\t\t<\/div>\n\t\t\t\t<\/div>\n\t\t\t\t\t<\/div>\n\t\t\t\t<\/div>\n\t\t<div class=\"elementor-element elementor-element-a7bec0e e-flex e-con-boxed e-con e-parent\" data-id=\"a7bec0e\" data-element_type=\"container\" data-settings=\"{&quot;background_background&quot;:&quot;classic&quot;}\">\n\t\t\t\t\t<div class=\"e-con-inner\">\n\t\t\t\t<div class=\"elementor-element elementor-element-f305b36 elementor-widget elementor-widget-spacer\" data-id=\"f305b36\" data-element_type=\"widget\" data-widget_type=\"spacer.default\">\n\t\t\t\t<div class=\"elementor-widget-container\">\n\t\t\t\t\t<div class=\"elementor-spacer\">\n\t\t\t<div class=\"elementor-spacer-inner\"><\/div>\n\t\t<\/div>\n\t\t\t\t<\/div>\n\t\t\t\t<\/div>\n\t\t\t\t\t<\/div>\n\t\t\t\t<\/div>\n\t\t\t\t<section class=\"elementor-section elementor-top-section elementor-element elementor-element-5a0a75cc elementor-section-boxed elementor-section-height-default elementor-section-height-default\" data-id=\"5a0a75cc\" data-element_type=\"section\" data-settings=\"{&quot;background_background&quot;:&quot;classic&quot;}\">\n\t\t\t\t\t\t<div class=\"elementor-container elementor-column-gap-default\">\n\t\t\t\t\t<div class=\"elementor-column elementor-col-100 elementor-top-column elementor-element elementor-element-385a1769\" data-id=\"385a1769\" data-element_type=\"column\">\n\t\t\t<div class=\"elementor-widget-wrap elementor-element-populated\">\n\t\t\t\t\t\t<div class=\"elementor-element elementor-element-0c51894 elementor-align-center elementor-widget elementor-widget-button\" data-id=\"0c51894\" data-element_type=\"widget\" data-widget_type=\"button.default\">\n\t\t\t\t<div class=\"elementor-widget-container\">\n\t\t\t\t\t\t\t<div class=\"elementor-button-wrapper\">\n\t\t\t\t\t<a class=\"elementor-button elementor-button-link elementor-size-sm\" href=\"https:\/\/www.ksmspa.com\/index.php\/ksm-servizi\/\">\n\t\t\t\t\t\t<span class=\"elementor-button-content-wrapper\">\n\t\t\t\t\t\t\t\t\t<span class=\"elementor-button-text\">TORNA AI SERVIZI<\/span>\n\t\t\t\t\t<\/span>\n\t\t\t\t\t<\/a>\n\t\t\t\t<\/div>\n\t\t\t\t\t\t<\/div>\n\t\t\t\t<\/div>\n\t\t\t\t\t<\/div>\n\t\t<\/div>\n\t\t\t\t\t<\/div>\n\t\t<\/section>\n\t\t<div class=\"elementor-element elementor-element-3ff0eb9 e-flex e-con-boxed e-con e-parent\" data-id=\"3ff0eb9\" data-element_type=\"container\" data-settings=\"{&quot;background_background&quot;:&quot;classic&quot;}\">\n\t\t\t\t\t<div class=\"e-con-inner\">\n\t\t\t\t<div class=\"elementor-element elementor-element-4ecc1c7 elementor-widget elementor-widget-spacer\" data-id=\"4ecc1c7\" data-element_type=\"widget\" data-widget_type=\"spacer.default\">\n\t\t\t\t<div class=\"elementor-widget-container\">\n\t\t\t\t\t<div class=\"elementor-spacer\">\n\t\t\t<div class=\"elementor-spacer-inner\"><\/div>\n\t\t<\/div>\n\t\t\t\t<\/div>\n\t\t\t\t<\/div>\n\t\t\t\t\t<\/div>\n\t\t\t\t<\/div>\n\t\t\t\t<\/div>\n\t\t","protected":false},"excerpt":{"rendered":"<p>Servizi Servizi Fiduciari Servizi Fiduciari Vengono offerti da un addetto ai servizi fiduciari in divisa aziendale che gestisce l&#8217;accesso e la sicurezza di un edificio, come condomini, uffici o hotel. Questi servizi possono includere il controllo degli accessi, la registrazione dei visitatori, la gestione delle consegne e la vigilanza generale delle aree comuni. Il portiere [&hellip;]<\/p>\n","protected":false},"author":3,"featured_media":0,"parent":0,"menu_order":0,"comment_status":"closed","ping_status":"closed","template":"elementor_header_footer","meta":{"footnotes":""},"class_list":["post-700","page","type-page","status-publish","hentry"],"_links":{"self":[{"href":"https:\/\/www.ksmspa.com\/index.php\/wp-json\/wp\/v2\/pages\/700","targetHints":{"allow":["GET"]}}],"collection":[{"href":"https:\/\/www.ksmspa.com\/index.php\/wp-json\/wp\/v2\/pages"}],"about":[{"href":"https:\/\/www.ksmspa.com\/index.php\/wp-json\/wp\/v2\/types\/page"}],"author":[{"embeddable":true,"href":"https:\/\/www.ksmspa.com\/index.php\/wp-json\/wp\/v2\/users\/3"}],"replies":[{"embeddable":true,"href":"https:\/\/www.ksmspa.com\/index.php\/wp-json\/wp\/v2\/comments?post=700"}],"version-history":[{"count":45,"href":"https:\/\/www.ksmspa.com\/index.php\/wp-json\/wp\/v2\/pages\/700\/revisions"}],"predecessor-version":[{"id":2096,"href":"https:\/\/www.ksmspa.com\/index.php\/wp-json\/wp\/v2\/pages\/700\/revisions\/2096"}],"wp:attachment":[{"href":"https:\/\/www.ksmspa.com\/index.php\/wp-json\/wp\/v2\/media?parent=700"}],"curies":[{"name":"wp","href":"https:\/\/api.w.org\/{rel}","templated":true}]}}